{"id":14,"date":"2020-01-02T12:28:30","date_gmt":"2020-01-02T11:28:30","guid":{"rendered":"http:\/\/parksudecki.com\/?page_id=14"},"modified":"2025-02-14T12:42:15","modified_gmt":"2025-02-14T11:42:15","slug":"https-parksudecki-com","status":"publish","type":"page","link":"https:\/\/parksudecki.com\/","title":{"rendered":"Witamy na stronie firmy Park Sudecki Development Sp. z o.o."},"content":{"rendered":"\n<h2 class=\"wp-block-heading\">Jeste\u015bmy w\u0142a\u015bcicielem teren\u00f3w przy ul. Sudeckiej w Jeleniej G\u00f3rze. Oferujemy do sprzeda\u017cy nowe, atrakcyjne mieszkania zlokalizowane na terenie Osiedla Park Sudecki.<\/h2>\n\n\n\n<h3 class=\"wp-block-heading\"><strong>Osiedle Park Sudecki<\/strong> to wyj\u0105tkowo atrakcyjna lokalizacja dla os\u00f3b ceni\u0105cych sobie cisz\u0119, spok\u00f3j, s\u0105siedztwo park\u00f3w i teren\u00f3w rekreacyjnych, przy jednoczesnym bezpo\u015brednim s\u0105siedztwie \u015bcis\u0142ego centrum miasta Jeleniej G\u00f3ry.<\/h3>\n\n\n\n<h3 class=\"wp-block-heading\">Aktualnie prowadzimy sprzeda\u017c mieszka\u0144 w nowym budynku na terenie osiedla. W ramach inwestycji <a href=\"http:\/\/www.sudecka119.pl\">Sudecka 119<\/a> wybudowano nowy budynek mieszkalny wielorodzinny, 4-kondygnacyjny wraz z infrastruktur\u0105 towarzysz\u0105c\u0105, doj\u015bciami do budynku, drogami i miejscami postojowymi dla samochod\u00f3w osobowych.<\/h3>\n\n\n\n<hr class=\"wp-block-separator has-alpha-channel-opacity\"\/>\n\n\n\n<p class=\"has-text-align-center has-white-color has-vivid-red-background-color has-text-color has-background has-link-color has-medium-font-size wp-elements-a43f26156aac726562f317a10b2a246d\"><strong>WSZYSTKIE MIESZKANIA S\u0104 GOTOWE DO PRZEKAZANIA NOWYM W\u0141A\u015aCICIELOM<\/strong><\/p>\n\n\n\n<hr class=\"wp-block-separator has-css-opacity\"\/>\n\n\n\n<figure class=\"wp-block-image size-full\"><a href=\"http:\/\/www.sudecka119.pl\"><img loading=\"lazy\" decoding=\"async\" width=\"800\" height=\"395\" src=\"https:\/\/parksudecki.com\/wp-content\/uploads\/2021\/11\/park-sudecki.webp\" alt=\"\" class=\"wp-image-80\" srcset=\"https:\/\/parksudecki.com\/wp-content\/uploads\/2021\/11\/park-sudecki.webp 800w, https:\/\/parksudecki.com\/wp-content\/uploads\/2021\/11\/park-sudecki-300x148.webp 300w, https:\/\/parksudecki.com\/wp-content\/uploads\/2021\/11\/park-sudecki-768x379.webp 768w\" sizes=\"auto, (max-width: 706px) 89vw, (max-width: 767px) 82vw, 740px\" \/><\/a><\/figure>\n\n\n\n<hr class=\"wp-block-separator has-css-opacity\"\/>\n\n\n\n<h3 class=\"wp-block-heading\" id=\"block-ce6b28cf-0e8a-4dc6-86da-f2ffccb3511e\">W budynku zosta\u0142y wyodr\u0119bnione <strong>32 lokale mieszkalne<\/strong> o powierzchniach od 33 do 84 m<sup>2<\/sup>.<\/h3>\n\n\n\n<h3 class=\"wp-block-heading\"><strong>Mieszkania na najni\u017cszej kondygnacji<\/strong> posiadaj\u0105 tarasy z bezpo\u015brednim dost\u0119pem do ogrodu. Cz\u0119\u015b\u0107 mieszka\u0144 w budynku ma loggie i\/lub tarasy.<br>Do ka\u017cdego mieszkania przypisana jest kom\u00f3rka lokatorska znajduj\u0105ca si\u0119 na najni\u017cszej kondygnacji budynku,<\/h3>\n\n\n\n<h3 class=\"wp-block-heading\"><strong>Na pierwszej kondygnacji<\/strong> budynku znajduje si\u0119 6 mieszka\u0144: <br>4 mieszkania 2-pokojowe i 2 mieszkania 3-pokojowe.<br>Ka\u017cde z mieszka\u0144 na pierwszej kondygnacji ma przydzielony odr\u0119bny ogr\u00f3dek.<\/h3>\n\n\n\n<h3 class=\"wp-block-heading\"><strong>Na drugiej kondygnacji<\/strong> zlokalizowane s\u0105 g\u0142\u00f3wne wej\u015bcia do budynku. Na tej kondygnacji znajduje si\u0119 r\u00f3wnie\u017c 11 mieszka\u0144: <br>2 mieszkania 1-pokojowe, 5 mieszka\u0144 2-pokojowych i 4 mieszkania 3-pokojowe.<br>Wi\u0119kszo\u015b\u0107 mieszka\u0144 na tej kondygnacji posiada loggie od strony po\u0142udniowej. <br>Mieszkania na tej kondygnacji, to niew\u0105tpliwie najlepszy wyb\u00f3r dla os\u00f3b ceni\u0105cych sobie \u0142atwy dost\u0119p do swojego mieszkania.<\/h3>\n\n\n\n<h3 class=\"wp-block-heading\">Mieszkania <strong>na trzeciej kondygnacji<\/strong> s\u0105 wykonane analogicznie do poziomu drugiej kondygnacji, jednak loggie w mieszkaniach 3-pokojowych znajduj\u0105 si\u0119 od strony p\u00f3\u0142nocnej .<\/h3>\n\n\n\n<h3 class=\"wp-block-heading\"><strong>Najwy\u017csza kondygnacja<\/strong>, kt\u00f3ra mie\u015bci si\u0119 w poddaszu, zawiera 4 mieszkania w uk\u0142adzie 2 oraz 3-pokojowym. <br>Wszystkie mieszkania na tej kondygnacji posiadaj\u0105 odkryte tarasy od strony p\u00f3\u0142nocnej jak i po\u0142udniowej.<\/h3>\n\n\n\n<hr class=\"wp-block-separator has-css-opacity\"\/>\n\n\n\n<p class=\"has-white-color has-vivid-red-background-color has-text-color has-background has-medium-font-size\"><strong><a href=\"http:\/\/www.sudecka119.pl\">Szczeg\u00f3\u0142y naszej nowej oferty mo\u017cna znale\u017a\u0107 tutaj: www.sudecka119.pl<\/a><\/strong><\/p>\n\n\n\n<hr class=\"wp-block-separator has-css-opacity\"\/>\n\n\n\n<h1 class=\"wp-block-heading\"><strong>Kontakt z nami:<\/strong><\/h1>\n\n\n\n<h2 class=\"wp-block-heading\" id=\"block-b0f60bcc-bfc2-4ee2-9af3-fb20f17f1fd8\">tel.: <strong>+48 575 415 417<\/strong><\/h2>\n\n\n\n<h2 class=\"wp-block-heading\" id=\"block-8b0882c5-5dda-44fa-bfa2-928ab4e18ef1\">e-mail: <a href=\"mailto:biuro@parksudecki.com\"><strong>biuro@parksudecki.com<\/strong><\/a><\/h2>\n","protected":false},"excerpt":{"rendered":"<p>Jeste\u015bmy w\u0142a\u015bcicielem teren\u00f3w przy ul. Sudeckiej w Jeleniej G\u00f3rze. Oferujemy do sprzeda\u017cy nowe, atrakcyjne mieszkania zlokalizowane na terenie Osiedla Park Sudecki. Osiedle Park Sudecki to wyj\u0105tkowo atrakcyjna lokalizacja dla os\u00f3b ceni\u0105cych sobie cisz\u0119, spok\u00f3j, s\u0105siedztwo park\u00f3w i teren\u00f3w rekreacyjnych, przy jednoczesnym bezpo\u015brednim s\u0105siedztwie \u015bcis\u0142ego centrum miasta Jeleniej G\u00f3ry. Aktualnie prowadzimy sprzeda\u017c mieszka\u0144 w nowym budynku &hellip; <\/p>\n<p class=\"link-more\"><a href=\"https:\/\/parksudecki.com\/\" class=\"more-link\">Czytaj dalej<span class=\"screen-reader-text\"> \u201eWitamy na stronie firmy Park Sudecki Development Sp. z o.o.\u201d<\/span><\/a><\/p>\n","protected":false},"author":1,"featured_media":80,"parent":0,"menu_order":0,"comment_status":"closed","ping_status":"closed","template":"","meta":{"footnotes":""},"class_list":["post-14","page","type-page","status-publish","has-post-thumbnail","hentry"],"_links":{"self":[{"href":"https:\/\/parksudecki.com\/index.php\/wp-json\/wp\/v2\/pages\/14","targetHints":{"allow":["GET"]}}],"collection":[{"href":"https:\/\/parksudecki.com\/index.php\/wp-json\/wp\/v2\/pages"}],"about":[{"href":"https:\/\/parksudecki.com\/index.php\/wp-json\/wp\/v2\/types\/page"}],"author":[{"embeddable":true,"href":"https:\/\/parksudecki.com\/index.php\/wp-json\/wp\/v2\/users\/1"}],"replies":[{"embeddable":true,"href":"https:\/\/parksudecki.com\/index.php\/wp-json\/wp\/v2\/comments?post=14"}],"version-history":[{"count":42,"href":"https:\/\/parksudecki.com\/index.php\/wp-json\/wp\/v2\/pages\/14\/revisions"}],"predecessor-version":[{"id":118,"href":"https:\/\/parksudecki.com\/index.php\/wp-json\/wp\/v2\/pages\/14\/revisions\/118"}],"wp:featuredmedia":[{"embeddable":true,"href":"https:\/\/parksudecki.com\/index.php\/wp-json\/wp\/v2\/media\/80"}],"wp:attachment":[{"href":"https:\/\/parksudecki.com\/index.php\/wp-json\/wp\/v2\/media?parent=14"}],"curies":[{"name":"wp","href":"https:\/\/api.w.org\/{rel}","templated":true}]}}